{"id":5814,"date":"2024-03-20T20:26:47","date_gmt":"2024-03-20T19:26:47","guid":{"rendered":"https:\/\/wffexperience.fr\/?page_id=5814"},"modified":"2024-03-24T12:13:56","modified_gmt":"2024-03-24T11:13:56","slug":"5814-2","status":"publish","type":"page","link":"https:\/\/wffexperience.fr\/?page_id=5814","title":{"rendered":"R\u00e9servations &#8211; WWE Backlash 2024 + SmackDown &#8211; Lyon &#8211; 3 et 4 Mai 2024"},"content":{"rendered":"<h3>R\u00e9servations &#8211; WWE Backlash 2024 + SmackDown &#8211; Lyon &#8211; 3 et 4 Mai 2024<\/h3>\n<p>WWE Exp\u00e9rience vous propose une offre exclusive pour WWE SmackDown et WWE Backlash le 3 et 4 Mai 2024 \u00e0 la LDLC Arena de Lyon.<\/p>\n<p><em><u>Tarifs :<\/u><\/em><\/p>\n<ul>\n<li><strong>Combo (SmackDown + Backlash le 3 et 4 Mai 2024) : 500\u20ac<\/strong> (Billet \u00e0 216\u20ac + Billet \u00e0 166.50\u20ac + 117,50\u20ac  de frais de r\u00e9servation CSE*)<\/li>\n<li><strong>WWE Backlash (4 Mai 2024) : 281\u20ac<\/strong> (Billet \u00e0 216 \u20ac + 65\u20ac de frais de r\u00e9servation CSE*)<\/li>\n<li><strong>WWE SmackDown (3 Mai 2024) : 231,50\u20ac<\/strong> (Billet \u00e0 166,50\u20ac + 65\u20ac de frais de r\u00e9servation CSE*)<\/li>\n<\/ul>\n<p><em>Les places sont situ\u00e9es en <strong>cat\u00e9gorie 3<\/strong>, en jaune sur le plan ci-dessous :<\/em><\/p>\n<p><img decoding=\"async\" loading=\"lazy\" class=\"\" src=\"https:\/\/i.ibb.co\/tY4wPgP\/Screenshot-at-Mar-20-20-41-59.png\" width=\"364\" height=\"309\" \/><\/p>\n<h4><span style=\"color: #ff0000;\"><strong><\/strong><\/span><\/h4>\n<p><script async\n  src=\"https:\/\/js.stripe.com\/v3\/buy-button.js\"><br \/>\n<\/script><\/p>\n<div style=\"display: flex;flex-direction:column;\">\n<div style=\"flex: 1;\"><stripe-buy-button\n  buy-button-id=\"buy_btn_1OwUm3Av7xcsDXvy45rNagsP\"\n  publishable-key=\"pk_live_51OYAYyAv7xcsDXvyqIa68pGBRqQ4Qye99pGxavbvSGgJ4pk1A8xfajRzOkcKB5v2vIuywY17N0YJviYpuiWR2ojj000BhylHkY\"\n><br \/>\n<\/stripe-buy-button><\/div>\n<div style=\"flex: 1;\"><stripe-buy-button\n  buy-button-id=\"buy_btn_1OwUt4Av7xcsDXvy9ORXEifB\"\n  publishable-key=\"pk_live_51OYAYyAv7xcsDXvyqIa68pGBRqQ4Qye99pGxavbvSGgJ4pk1A8xfajRzOkcKB5v2vIuywY17N0YJviYpuiWR2ojj000BhylHkY\"\n><br \/>\n<\/stripe-buy-button><\/div>\n<div style=\"flex: 1;\"><stripe-buy-button\n  buy-button-id=\"buy_btn_1OwUxqAv7xcsDXvyaYS5Cudn\"\n  publishable-key=\"pk_live_51OYAYyAv7xcsDXvyqIa68pGBRqQ4Qye99pGxavbvSGgJ4pk1A8xfajRzOkcKB5v2vIuywY17N0YJviYpuiWR2ojj000BhylHkY\"\n><br \/>\n<\/stripe-buy-button><\/div>\n<\/div>\n<p><strong><span style=\"color: #ff0000;\">Les billets vous seront ensuite envoy\u00e9s environ 1 semaine avant l&rsquo;\u00e9v\u00e9nement par mail \u00e0 l&rsquo;adresse email utilis\u00e9e pour r\u00e9aliser votre paiement. Les billets sont non remboursables, ni \u00e9changeables apr\u00e8s validation de la commande.<\/span><\/strong><\/p>\n<p>*L&rsquo;acc\u00e8s \u00e0 ces billets nous est possible par le r\u00e8glement d&rsquo;un partenariat CSE aupr\u00e8s de la LDC Arena. Les frais de partenariat sont donc r\u00e9percut\u00e9s sur chaque commande de billet. Le d\u00e9tail du montant de cette cotisation d\u00e9pend du nombre de billets command\u00e9s, et est pr\u00e9cis\u00e9 au moment du paiement.<\/p>\n<p>Pour toutes questions, contactez-nous \u00e0 l&rsquo;adresse contact@wffexperience.fr<\/p>\n","protected":false},"excerpt":{"rendered":"<p>R\u00e9servations &#8211; WWE Backlash 2024 + SmackDown &#8211; Lyon &#8211; 3 et 4 Mai 2024 WWE Exp\u00e9rience vous propose une offre exclusive pour WWE SmackDown et WWE Backlash le 3 et 4 Mai 2024 \u00e0 la LDLC Arena de Lyon. Tarifs : Combo (SmackDown + Backlash le 3 et 4 Mai 2024) : 500\u20ac (Billet [&hellip;]<\/p>\n","protected":false},"author":1,"featured_media":0,"parent":0,"menu_order":0,"comment_status":"closed","ping_status":"closed","template":"","meta":{"footnotes":""},"_links":{"self":[{"href":"https:\/\/wffexperience.fr\/index.php?rest_route=\/wp\/v2\/pages\/5814"}],"collection":[{"href":"https:\/\/wffexperience.fr\/index.php?rest_route=\/wp\/v2\/pages"}],"about":[{"href":"https:\/\/wffexperience.fr\/index.php?rest_route=\/wp\/v2\/types\/page"}],"author":[{"embeddable":true,"href":"https:\/\/wffexperience.fr\/index.php?rest_route=\/wp\/v2\/users\/1"}],"replies":[{"embeddable":true,"href":"https:\/\/wffexperience.fr\/index.php?rest_route=%2Fwp%2Fv2%2Fcomments&post=5814"}],"version-history":[{"count":5,"href":"https:\/\/wffexperience.fr\/index.php?rest_route=\/wp\/v2\/pages\/5814\/revisions"}],"predecessor-version":[{"id":5890,"href":"https:\/\/wffexperience.fr\/index.php?rest_route=\/wp\/v2\/pages\/5814\/revisions\/5890"}],"wp:attachment":[{"href":"https:\/\/wffexperience.fr\/index.php?rest_route=%2Fwp%2Fv2%2Fmedia&parent=5814"}],"curies":[{"name":"wp","href":"https:\/\/api.w.org\/{rel}","templated":true}]}}