{"id":5505,"date":"2024-01-15T21:48:10","date_gmt":"2024-01-15T20:48:10","guid":{"rendered":"https:\/\/wffexperience.fr\/?page_id=5505"},"modified":"2024-02-03T18:00:42","modified_gmt":"2024-02-03T17:00:42","slug":"conditions-generales-de-vente","status":"publish","type":"page","link":"https:\/\/wffexperience.fr\/?page_id=5505","title":{"rendered":"Conditions G\u00e9n\u00e9rales de Vente"},"content":{"rendered":"\n<p><strong>Conditions G\u00e9n\u00e9rales de Vente (CGV) pour les Packs de Voyage de l&rsquo;Association WFF EXP\u00c9RIENCE<\/strong><\/p>\n\n\n\n<p><strong>1. Objet :<\/strong>\u00a0Les pr\u00e9sentes conditions g\u00e9n\u00e9rales de vente ont pour objet de d\u00e9finir les modalit\u00e9s selon lesquelles l\u2019Association WFF EXP\u00c9RIENCE propose \u00e0 la vente des packs de voyage pour assister \u00e0 des \u00e9v\u00e9nements de catch \u00e0 l\u2019international.<\/p>\n\n\n\n<p><strong>2. Produits et Services :<\/strong>\u00a0Les packs de voyage incluent les billets pour les \u00e9v\u00e9nements, l\u2019h\u00e9bergement, le transport, etc\u2026 Les d\u00e9tails sp\u00e9cifiques de chaque pack, y compris les dates, les lieux et les conditions particuli\u00e8res, seront pr\u00e9cis\u00e9s dans chaque offre.<\/p>\n\n\n\n<p><strong>3. Tarifs :\u00a0<\/strong>Les tarifs des packs de voyage sont indiqu\u00e9s en euros et sont valables jusqu\u2019\u00e0 une date sp\u00e9cifi\u00e9e. L\u2019Association se r\u00e9serve le droit de modifier les tarifs \u00e0 tout moment, tout en garantissant l\u2019application des tarifs en vigueur au moment de la commande. En cas de non-respect des d\u00e9lais, dates et horaires d\u00e9finis par l\u2019association, aucun remboursement ne pourrait avoir lieu. Les prix ne comprennent pas tous les services ant\u00e9rieurs \u00e0 l\u2019enregistrement \u00e0 l\u2019a\u00e9roport de d\u00e9part, ni les services post\u00e9rieurs \u00e0 l\u2019arriv\u00e9e \u00e0 l\u2019a\u00e9roport de retour ainsi que toute prestation non express\u00e9ment mentionn\u00e9e dans chaque programme, les boissons, les d\u00e9penses d\u2019ordre personnel, toutes prestations facultatives.<\/p>\n\n\n\n<p><br><strong>4. H\u00e9bergement\u00a0: <\/strong>Les noms des h\u00f4tels sont donn\u00e9s \u00e0 titre indicatif et nous nous r\u00e9servons le droit de fournir des \u00e9tablissements similaires.<br><br><strong>5. Commande :\u00a0<\/strong>Les commandes peuvent \u00eatre effectu\u00e9es via le site internet\u00a0wffexperience.fr\u00a0. La validation d\u2019une commande implique l\u2019acceptation des pr\u00e9sentes conditions g\u00e9n\u00e9rales de vente. L\u2019Association se r\u00e9serve le droit d\u2019annuler ou de refuser toute commande pour des raisons l\u00e9gitimes.<br><\/p>\n\n\n\n<p><strong>6. Paiement :\u00a0<\/strong>Le paiement s\u2019effectue par carte bancaire ou virement. La commande ne sera confirm\u00e9e qu\u2019apr\u00e8s r\u00e9ception du paiement. En cas de non-paiement, la r\u00e9servation sera automatiquement annul\u00e9e, sans remboursement des sommes d\u00e9j\u00e0 vers\u00e9es.<\/p>\n\n\n\n<p><strong>7. Annulation et Remboursement :<\/strong> En cas d\u2019annulation, aucun remboursement ne sera effectu\u00e9, y compris sur les acomptes d\u00e9j\u00e0 vers\u00e9s.<\/p>\n\n\n\n<p><br><strong>8. Clause de r\u00e9vision de prix\u00a0:<\/strong> Conform\u00e9ment aux dispositions l\u00e9gislatives et r\u00e9glementaires, et en se r\u00e9f\u00e9rant \u00e0 l\u2019article 19 de la loi du 13\/7\/92, WFF Exp\u00e9rience se r\u00e9serve le droit de modifier les prix qui ont \u00e9t\u00e9 d\u00e9termin\u00e9s en fonction des donn\u00e9es \u00e9conomiques suivantes :<\/p>\n\n\n\n<ul>\n<li>Co\u00fbt du transport li\u00e9 au co\u00fbt du carburant et au taux de change<\/li>\n<\/ul>\n\n\n\n<ul>\n<li>Redevances et taxes aff\u00e9rentes aux prestations offertes telles que taxes d\u2019atterrissage, de survol, d\u2019embarquement, de d\u00e9barquement dans les ports et a\u00e9roports.<\/li>\n\n\n\n<li>Taux de change appliqu\u00e9s au voyage ou au s\u00e9jour concern\u00e9.<\/li>\n\n\n\n<li>Nombre de participants inf\u00e9rieur au minimum requis.<\/li>\n<\/ul>\n\n\n\n<p>Pour les voyages ou s\u00e9jours concern\u00e9s par la pr\u00e9sente clause de r\u00e9vision des prix, en cas de modification significative de l\u2019une ou de l\u2019autre de ces donn\u00e9es, nous nous r\u00e9servons le droit de modifier nos prix de vente. En ce cas : la variation du montant des taxes et redevances et\/ou du co\u00fbt du transport sera int\u00e9gralement r\u00e9percut\u00e9e dans nos prix.<\/p>\n\n\n\n<p>Le pourcentage de la variation du taux de change de la devise concern\u00e9e s\u2019appliquera, sauf pr\u00e9cision indiqu\u00e9e, sur le montant total de nos prix. Pour les clients d\u00e9j\u00e0 inscrits, la r\u00e9vision \u00e0 la hausse du prix de leur voyage ou du s\u00e9jour ne pourra intervenir moins de 30 jours avant la date pr\u00e9vue de leur d\u00e9part. Si le nombre de participant n\u2019est pas atteint pour avoir le prix de base, le voyage peut se r\u00e9aliser avec une augmentation de tarif, pr\u00e9vue dans le descriptif ou pr\u00e9cis\u00e9 ult\u00e9rieurement au client.<\/p>\n\n\n\n<p><strong>9. Responsabilit\u00e9s :<\/strong>\u00a0L\u2019association ne peut \u00eatre tenue responsable des incidents, accidents, retards ou tout autre probl\u00e8me survenant pendant le voyage.<\/p>\n\n\n\n<p><strong>10. Confidentialit\u00e9 :<\/strong>\u00a0Les informations personnelles fournies par les clients seront trait\u00e9es conform\u00e9ment \u00e0 la l\u00e9gislation en vigueur sur la protection des donn\u00e9es. Les d\u00e9tails seront utilis\u00e9s uniquement dans le cadre de la r\u00e9servation et ne seront pas divulgu\u00e9s \u00e0 des tiers sans consentement.<\/p>\n\n\n\n<p><strong>11. Modification des Conditions G\u00e9n\u00e9rales de Vente :\u00a0<\/strong>L\u2019Association se r\u00e9serve le droit de modifier les pr\u00e9sentes conditions g\u00e9n\u00e9rales de vente \u00e0 tout moment. Les clients seront inform\u00e9s de toute modification et devront les accepter pour toute nouvelle commande.<\/p>\n\n\n\n<p><strong>12. Loi Applicable :<\/strong>\u00a0Les pr\u00e9sentes conditions g\u00e9n\u00e9rales de vente sont soumises \u00e0 la loi fran\u00e7aise. Tout litige relatif \u00e0 leur interpr\u00e9tation et \u00e0 leur ex\u00e9cution sera soumis aux tribunaux comp\u00e9tents. \u00a0<\/p>\n\n\n\n<p><strong>13. Acompte et paiement du solde\u00a0:\u00a0<\/strong>Sauf disposition contraire des conditions particuli\u00e8res \u00e0 chaque programme, l\u2019association vendeur re\u00e7oit du client au moment de la r\u00e9servation soit 10% du montant du voyage, soit la totalit\u00e9 du montant du voyage.<\/p>\n\n\n\n<p>Sauf dispositions contraires des conditions particuli\u00e8res,&nbsp;le paiement du solde du prix du voyage doit \u00eatre effectu\u00e9 au plus tard 45 jours avant la date de d\u00e9part. Le client n\u2019ayant pas vers\u00e9 le solde \u00e0 la date convenue est consid\u00e9r\u00e9 comme ayant annul\u00e9 son voyage sans qu\u2019il puisse se pr\u00e9valoir de cette annulation.&nbsp;Les frais d\u2019annulation seront alors retenus conform\u00e9ment \u00e0 l\u2019article de nos conditions de ventes<\/p>\n\n\n\n<p>Pour les inscriptions intervenant moins de 30 jours avant la date du d\u00e9part le r\u00e8glement int\u00e9gral du prix est exig\u00e9 lors de l\u2019inscription.<\/p>\n\n\n\n<p>En aucun cas les documents de voyages ne seront remis sans que le montant du voyage soit enti\u00e8rement r\u00e9gl\u00e9.&nbsp;<\/p>\n\n\n\n<p><strong>14. Assurances\u00a0:<\/strong> Une assurance est incluse dans le prix de chaque pack. Nous vous offrons la possibilit\u00e9 de souscrire un contrat d\u2019assurance compl\u00e9mentaire.\u00a0<\/p>\n\n\n\n<p>L\u2019assurance couvre&nbsp;:<\/p>\n\n\n\n<ul>\n<li>Frais m\u00e9dicaux d\u2019urgence \u00e0 l\u2019\u00e9tranger<\/li>\n\n\n\n<li>Responsabilit\u00e9 civile<\/li>\n\n\n\n<li>Les cons\u00e9quences des \u00e9pid\u00e9mies\/pand\u00e9mies<\/li>\n\n\n\n<li>Interruption\/prolongation du s\u00e9jour<\/li>\n\n\n\n<li>Voyage retard\u00e9&nbsp;<\/li>\n\n\n\n<li>Dommages aux bagages<\/li>\n<\/ul>\n\n\n\n<p>Les montants des assurances et des recouvrements sont sp\u00e9cifiques \u00e0 chaque voyage, leur destination et leur dur\u00e9e.<\/p>\n\n\n\n<p><strong>15. Frais d\u2019annulation groupes ou individuels\u00a0:<\/strong> La r\u00e9servation et l\u2019\u00e9mission des titres de transport se faisant simultan\u00e9ment, en cas d\u2019annulation, 100 % des sommes d\u00e9j\u00e0 vers\u00e9es seront retenues. Aucun acompte et aucun versement ne pourra vous \u00eatre rembours\u00e9.<\/p>\n\n\n\n<p>Fait \u00e0 Caen, le 15\/01\/2024<\/p>\n","protected":false},"excerpt":{"rendered":"<p>Conditions G\u00e9n\u00e9rales de Vente (CGV) pour les Packs de Voyage de l&rsquo;Association WFF EXP\u00c9RIENCE 1. Objet :\u00a0Les pr\u00e9sentes conditions g\u00e9n\u00e9rales de vente ont pour objet de d\u00e9finir les modalit\u00e9s selon lesquelles l\u2019Association WFF EXP\u00c9RIENCE propose \u00e0 la vente des packs de voyage pour assister \u00e0 des \u00e9v\u00e9nements de catch \u00e0 l\u2019international. 2. Produits et Services [&hellip;]<\/p>\n","protected":false},"author":1,"featured_media":0,"parent":0,"menu_order":0,"comment_status":"closed","ping_status":"closed","template":"","meta":{"footnotes":""},"_links":{"self":[{"href":"https:\/\/wffexperience.fr\/index.php?rest_route=\/wp\/v2\/pages\/5505"}],"collection":[{"href":"https:\/\/wffexperience.fr\/index.php?rest_route=\/wp\/v2\/pages"}],"about":[{"href":"https:\/\/wffexperience.fr\/index.php?rest_route=\/wp\/v2\/types\/page"}],"author":[{"embeddable":true,"href":"https:\/\/wffexperience.fr\/index.php?rest_route=\/wp\/v2\/users\/1"}],"replies":[{"embeddable":true,"href":"https:\/\/wffexperience.fr\/index.php?rest_route=%2Fwp%2Fv2%2Fcomments&post=5505"}],"version-history":[{"count":4,"href":"https:\/\/wffexperience.fr\/index.php?rest_route=\/wp\/v2\/pages\/5505\/revisions"}],"predecessor-version":[{"id":5574,"href":"https:\/\/wffexperience.fr\/index.php?rest_route=\/wp\/v2\/pages\/5505\/revisions\/5574"}],"wp:attachment":[{"href":"https:\/\/wffexperience.fr\/index.php?rest_route=%2Fwp%2Fv2%2Fmedia&parent=5505"}],"curies":[{"name":"wp","href":"https:\/\/api.w.org\/{rel}","templated":true}]}}