{"id":5346,"date":"2024-01-13T15:39:31","date_gmt":"2024-01-13T14:39:31","guid":{"rendered":"https:\/\/wffexperience.fr\/?page_id=5346"},"modified":"2024-02-03T17:32:48","modified_gmt":"2024-02-03T16:32:48","slug":"membership-join","status":"publish","type":"page","link":"https:\/\/wffexperience.fr\/?page_id=5346","title":{"rendered":"Rejoignez l&rsquo;association !"},"content":{"rendered":"<style>\n.stripe-button-el{\nbackground-image: none !important;\n}\n.stripe-button-el > span{\nbackground-image: none !important;\nbackground:none !important;\n}\n<\/style>\n<p style=\"font-weight: bold;\">WFF Exp\u00e9rience est une association loi 1901. Il est donc n\u00e9cessaire de r\u00e9gler une cotisation annuelle pour rejoindre l&rsquo;association.<\/p>\n<p style=\"font-weight: bold;\">Le montant de cette cotisation obligatoire est fix\u00e9 \u00e0 :<\/p>\n<h4>24\u20ac\/an<\/h4>\n<p>Cette cotisation annuelle vous donnera acc\u00e8s \u00e0 tous les services de l&rsquo;association, dont :<\/p>\n<ul>\n<li>Acc\u00e8s \u00e0 notre groupe de discussion priv\u00e9 r\u00e9unissant notre groupe de passionn\u00e9<\/li>\n<li>Acc\u00e8s \u00e0 nos \u00e9v\u00e9nements et nos rencontres<\/li>\n<li>Acc\u00e8s \u00e0 la r\u00e9servation des voyages WWE<\/li>\n<li>et d&rsquo;autres \u00e0 venir tr\u00e8s prochainement !<\/li>\n<\/ul>\n<p><em>\u00c0 la suite de ce paiement, un email vous sera envoy\u00e9 pour cr\u00e9er votre compte et acc\u00e9der \u00e0 nos services. Pensez \u00e0 consulter vos SPAMS.<\/em><\/p>\n<p>Si vous souhaitez rejoindre l&rsquo;association et acc\u00e9der \u00e0 tous nos services, veuillez r\u00e9gler votre cotisation d\u00e8s maintenant en cliquant sur le bouton ci-dessous :<\/p>\n<div class=\"swpm-payment-button\"><div class=\"swpm-button-wrapper swpm-stripe-buy-now-wrapper\"><form id='swpm-stripe-payment-form-afffa351515fb852b3423edce4e16475' action='https:\/\/wffexperience.fr\/?swpm_process_stripe_sca_subscription=1&ref_id=swpm_afffa351515fb852b3423edce4e16475|5352' METHOD='POST'> <div style='display: none !important'>\t<script>\t\t\r\n\t\tjQuery('#swpm-stripe-payment-form-afffa351515fb852b3423edce4e16475').on('submit',function(e) {\r\n\t\t\te.preventDefault();\r\n\t\t\tvar btn = jQuery(this).find('button').attr('disabled', true);\r\n\t\t\tjQuery.post('https:\/\/wffexperience.fr\/wp-admin\/admin-ajax.php', {\r\n\t\t\t\t'action': 'swpm_stripe_sca_create_checkout_session',\r\n\t\t\t\t'swpm_button_id': 5352,\r\n                                'payment_method_types': '',\r\n\t\t\t\t'swpm_page_url': 'https:\/\/wffexperience.fr\/index.php',\r\n\t\t\t\t'swpm_uniqid': 'afffa351515fb852b3423edce4e16475'\r\n\t\t\t\t}).done(function (response) {\r\n\t\t\t\t\tif (!response.error) {\r\n\t\t\t\t\t\tstripe_5352.redirectToCheckout({sessionId: response.session_id}).then(function (result) {\r\n\t\t\t\t\t});\t\t\t\r\n\t\t\t\t\t} else {\r\n\t\t\t\t\t\talert(response.error);\r\n\t\t\t\t\t\tbtn.attr('disabled', false);\r\n\t\t\t\t\t\treturn false;\r\n\t\t\t\t\t}\r\n\t\t\t}).fail(function(e) {\r\n\t\t\t\talert(\"HTTP error occurred during AJAX request. Error code: \"+e.status);\r\n\t\t\t\tbtn.attr('disabled', false);\r\n\t\t\t\treturn false;\r\n\t\t\t});\r\n\t\t});\r\n\t<\/script>\r\n\t<\/div><button id='5352' type='submit' class='stripe-button-el'><span>Payer maintenant<\/span><\/button><\/form><\/div><\/div>\n","protected":false},"excerpt":{"rendered":"<p>WFF Exp\u00e9rience est une association loi 1901. Il est donc n\u00e9cessaire de r\u00e9gler une cotisation annuelle pour rejoindre l&rsquo;association. Le montant de cette cotisation obligatoire est fix\u00e9 \u00e0 : 24\u20ac\/an Cette cotisation annuelle vous donnera acc\u00e8s \u00e0 tous les services de l&rsquo;association, dont : Acc\u00e8s \u00e0 notre groupe de discussion priv\u00e9 r\u00e9unissant notre groupe de [&hellip;]<\/p>\n","protected":false},"author":1,"featured_media":5306,"parent":0,"menu_order":0,"comment_status":"closed","ping_status":"closed","template":"","meta":{"footnotes":""},"_links":{"self":[{"href":"https:\/\/wffexperience.fr\/index.php?rest_route=\/wp\/v2\/pages\/5346"}],"collection":[{"href":"https:\/\/wffexperience.fr\/index.php?rest_route=\/wp\/v2\/pages"}],"about":[{"href":"https:\/\/wffexperience.fr\/index.php?rest_route=\/wp\/v2\/types\/page"}],"author":[{"embeddable":true,"href":"https:\/\/wffexperience.fr\/index.php?rest_route=\/wp\/v2\/users\/1"}],"replies":[{"embeddable":true,"href":"https:\/\/wffexperience.fr\/index.php?rest_route=%2Fwp%2Fv2%2Fcomments&post=5346"}],"version-history":[{"count":6,"href":"https:\/\/wffexperience.fr\/index.php?rest_route=\/wp\/v2\/pages\/5346\/revisions"}],"predecessor-version":[{"id":5568,"href":"https:\/\/wffexperience.fr\/index.php?rest_route=\/wp\/v2\/pages\/5346\/revisions\/5568"}],"wp:featuredmedia":[{"embeddable":true,"href":"https:\/\/wffexperience.fr\/index.php?rest_route=\/wp\/v2\/media\/5306"}],"wp:attachment":[{"href":"https:\/\/wffexperience.fr\/index.php?rest_route=%2Fwp%2Fv2%2Fmedia&parent=5346"}],"curies":[{"name":"wp","href":"https:\/\/api.w.org\/{rel}","templated":true}]}}